{"id":79786,"date":"2019-08-16T11:38:54","date_gmt":"2019-08-16T09:38:54","guid":{"rendered":"https:\/\/undsgn.com\/uncode\/?page_id=79786"},"modified":"2021-01-05T22:03:46","modified_gmt":"2021-01-05T22:03:46","slug":"classic-banking","status":"publish","type":"page","link":"https:\/\/metallbau-zimmermann.brecklinghaus.com\/","title":{"rendered":"Classic Banking"},"content":{"rendered":"<p>[vc_row row_height_percent=&#8220;100&#8243; override_padding=&#8220;yes&#8220; h_padding=&#8220;2&#8243; top_padding=&#8220;7&#8243; bottom_padding=&#8220;7&#8243; back_color=&#8220;color-nhtu&#8220; back_image=&#8220;83833&#8243; back_position=&#8220;center bottom&#8220; parallax=&#8220;yes&#8220; overlay_color=&#8220;color-nhtu&#8220; overlay_alpha=&#8220;25&#8243; gutter_size=&#8220;4&#8243; column_width_percent=&#8220;100&#8243; shift_y=&#8220;0&#8243; z_index=&#8220;0&#8243; enable_bottom_divider=&#8220;default&#8220; bottom_divider=&#8220;gradient&#8220; shape_bottom_h_use_pixel=&#8220;true&#8220; shape_bottom_height_percent=&#8220;50&#8243; shape_bottom_color=&#8220;color-nhtu&#8220; shape_bottom_opacity=&#8220;50&#8243; shape_bottom_index=&#8220;0&#8243;][vc_column column_width_percent=&#8220;100&#8243; position_vertical=&#8220;middle&#8220; gutter_size=&#8220;2&#8243; style=&#8220;dark&#8220; overlay_alpha=&#8220;50&#8243; shift_x=&#8220;0&#8243; shift_y=&#8220;0&#8243; shift_y_down=&#8220;0&#8243; z_index=&#8220;0&#8243; medium_width=&#8220;0&#8243; mobile_width=&#8220;0&#8243; width=&#8220;1\/1&#8243;][vc_row_inner row_inner_height_percent=&#8220;0&#8243; overlay_alpha=&#8220;50&#8243; gutter_size=&#8220;4&#8243; shift_y=&#8220;0&#8243; z_index=&#8220;0&#8243; limit_content=&#8220;&#8220;][vc_column_inner column_width_percent=&#8220;100&#8243; position_vertical=&#8220;middle&#8220; gutter_size=&#8220;2&#8243; style=&#8220;dark&#8220; overlay_alpha=&#8220;50&#8243; shift_x=&#8220;0&#8243; shift_y=&#8220;0&#8243; shift_y_down=&#8220;0&#8243; z_index=&#8220;0&#8243; medium_width=&#8220;0&#8243; mobile_width=&#8220;0&#8243; width=&#8220;7\/12&#8243;][vc_custom_heading heading_semantic=&#8220;h1&#8243; text_size=&#8220;h1&#8243; text_weight=&#8220;300&#8243; css_animation=&#8220;left-t-right&#8220; animation_delay=&#8220;400&#8243;]<b>Fachliche Beratung und termingerechte Lieferung geh\u00f6ren bei uns zum Handwerk.<\/b>[\/vc_custom_heading][vc_custom_heading text_size=&#8220;h3&#8243; text_weight=&#8220;300&#8243; css_animation=&#8220;left-t-right&#8220; animation_delay=&#8220;800&#8243; mobile_visibility=&#8220;yes&#8220;]<\/p>\n<h3 class=\"bodytext\">Sind Sie Haus- und Grundeigent\u00fcmer? Dann fordern Sie uns bei der Vergabe von Schlosser- und Metallbauarbeiten und entsprechend bei Ausschreibungen zur Angebotsabgabe auf!<\/h3>\n<h3 class=\"bodytext\">Auf eine gute Zusammenarbeit freuen sich die Mitarbeiter der Firma und selbstverst\u00e4ndlich kann bei Interesse auch die Werkstatt besichtigt und ein pers\u00f6nliches Gespr\u00e4ch gef\u00fchrt werden.<\/h3>\n<p>[\/vc_custom_heading][vc_empty_space empty_h=&#8220;1&#8243;][\/vc_column_inner][vc_column_inner column_width_percent=&#8220;100&#8243; position_vertical=&#8220;middle&#8220; align_horizontal=&#8220;align_center&#8220; gutter_size=&#8220;1&#8243; font_family=&#8220;font-175345&#8243; back_color=&#8220;color-xsdn&#8220; overlay_alpha=&#8220;50&#8243; shift_x=&#8220;0&#8243; shift_y=&#8220;0&#8243; shift_y_down=&#8220;0&#8243; z_index=&#8220;0&#8243; medium_visibility=&#8220;yes&#8220; medium_width=&#8220;0&#8243; mobile_visibility=&#8220;yes&#8220; mobile_width=&#8220;0&#8243; css_animation=&#8220;zoom-in&#8220; animation_delay=&#8220;1400&#8243; radius=&#8220;sm&#8220; shadow=&#8220;lg&#8220; shadow_darker=&#8220;yes&#8220; width=&#8220;5\/12&#8243;][vc_empty_space empty_h=&#8220;1&#8243;][vc_custom_heading heading_semantic=&#8220;h5&#8243; text_weight=&#8220;300&#8243;]Kontaktieren Sie uns[\/vc_custom_heading][vc_column_text]Wir stehen Ihnen fachkundig zur Seite![\/vc_column_text][vc_empty_space empty_h=&#8220;2&#8243;]<div role=\"form\" class=\"wpcf7\" id=\"wpcf7-f81085-o1\" lang=\"en-US\" dir=\"ltr\">\n<div class=\"screen-reader-response\"><p role=\"status\" aria-live=\"polite\" aria-atomic=\"true\"><\/p> <ul><\/ul><\/div>\n<form action=\"\/index.php?rest_route=%2Fwp%2Fv2%2Fpages%2F79786#wpcf7-f81085-o1\" method=\"post\" class=\"wpcf7-form init\" novalidate=\"novalidate\" data-status=\"init\">\n<div style=\"display: none;\">\n<input type=\"hidden\" name=\"_wpcf7\" value=\"81085\" \/>\n<input type=\"hidden\" name=\"_wpcf7_version\" value=\"5.3.2\" \/>\n<input type=\"hidden\" name=\"_wpcf7_locale\" value=\"en_US\" \/>\n<input type=\"hidden\" name=\"_wpcf7_unit_tag\" value=\"wpcf7-f81085-o1\" \/>\n<input type=\"hidden\" name=\"_wpcf7_container_post\" value=\"0\" \/>\n<input type=\"hidden\" name=\"_wpcf7_posted_data_hash\" value=\"\" \/>\n<\/div>\n<div class=\"wpcf7-inline-wrapper\">\n<p class=\"wpcf7-inline-field\"><span class=\"wpcf7-form-control-wrap your-firstname\"><input type=\"text\" name=\"your-firstname\" value=\"\" size=\"40\" class=\"wpcf7-form-control wpcf7-text wpcf7-validates-as-required\" aria-required=\"true\" aria-invalid=\"false\" placeholder=\"Name\" \/><\/span><\/p>\n<p class=\"wpcf7-inline-field\"><span class=\"wpcf7-form-control-wrap your-email\"><input type=\"email\" name=\"your-email\" value=\"\" size=\"40\" class=\"wpcf7-form-control wpcf7-text wpcf7-email wpcf7-validates-as-required wpcf7-validates-as-email\" aria-required=\"true\" aria-invalid=\"false\" placeholder=\"E-Mail\" \/><\/span> <\/p>\n<\/div>\n<p><span class=\"wpcf7-form-control-wrap your-message\"><textarea name=\"your-message\" cols=\"40\" rows=\"5\" class=\"wpcf7-form-control wpcf7-textarea\" aria-invalid=\"false\" placeholder=\"Ihre Nachricht\"><\/textarea><\/span> <\/p>\n<p><input type=\"submit\" value=\"Absenden\" class=\"wpcf7-form-control wpcf7-submit btn btn-accent btn-lg btn-block btn-custom-typo font-175345 font-weight-400 btn-text-skin text-initial no-letterspace\" \/><\/p>\n<div class=\"wpcf7-response-output\" aria-hidden=\"true\"><\/div><\/form><\/div>[vc_empty_space empty_h=&#8220;1&#8243;][\/vc_column_inner][\/vc_row_inner][\/vc_column][\/vc_row][vc_row row_height_percent=&#8220;0&#8243; override_padding=&#8220;yes&#8220; h_padding=&#8220;2&#8243; top_padding=&#8220;7&#8243; bottom_padding=&#8220;7&#8243; overlay_alpha=&#8220;50&#8243; gutter_size=&#8220;3&#8243; column_width_percent=&#8220;100&#8243; shift_y=&#8220;0&#8243; z_index=&#8220;0&#8243;][vc_column column_width_percent=&#8220;100&#8243; gutter_size=&#8220;2&#8243; override_padding=&#8220;yes&#8220; column_padding=&#8220;0&#8243; overlay_alpha=&#8220;50&#8243; shift_x=&#8220;0&#8243; shift_y=&#8220;0&#8243; shift_y_down=&#8220;0&#8243; z_index=&#8220;0&#8243; medium_width=&#8220;0&#8243; mobile_width=&#8220;0&#8243; radius=&#8220;sm&#8220; width=&#8220;1\/1&#8243;][vc_row_inner row_inner_height_percent=&#8220;0&#8243; overlay_alpha=&#8220;50&#8243; gutter_size=&#8220;4&#8243; shift_y=&#8220;0&#8243; z_index=&#8220;0&#8243; limit_content=&#8220;&#8220;][vc_column_inner column_width_percent=&#8220;100&#8243; gutter_size=&#8220;3&#8243; font_family=&#8220;font-175345&#8243; overlay_alpha=&#8220;50&#8243; shift_x=&#8220;0&#8243; shift_y=&#8220;0&#8243; shift_y_down=&#8220;0&#8243; z_index=&#8220;0&#8243; medium_width=&#8220;3&#8243; mobile_width=&#8220;0&#8243; css_animation=&#8220;right-t-left&#8220; width=&#8220;1\/3&#8243;][vc_icon icon=&#8220;fa fa-strategy&#8220; icon_color=&#8220;accent&#8220; size=&#8220;fa-3x&#8220; text_weight=&#8220;300&#8243; title=&#8220;Punkt 1&#8243;]Lorem Ipsum Lorem IpsumLorem Ipsum Lorem IpsumLorem Ipsum Lorem IpsumLorem Ipsum Lorem Ipsum<\/p>\n<p>&nbsp;<\/p>\n<p>[\/vc_icon][\/vc_column_inner][vc_column_inner column_width_percent=&#8220;100&#8243; gutter_size=&#8220;3&#8243; font_family=&#8220;font-175345&#8243; overlay_alpha=&#8220;50&#8243; shift_x=&#8220;0&#8243; shift_y=&#8220;0&#8243; shift_y_down=&#8220;0&#8243; z_index=&#8220;0&#8243; medium_width=&#8220;3&#8243; mobile_width=&#8220;0&#8243; css_animation=&#8220;right-t-left&#8220; animation_delay=&#8220;200&#8243; width=&#8220;1\/3&#8243;][vc_icon icon=&#8220;fa fa-circle-compass&#8220; icon_color=&#8220;accent&#8220; size=&#8220;fa-3x&#8220; text_weight=&#8220;300&#8243; title=&#8220;Punkt 2&#8243;]Lorem Ipsum Lorem IpsumLorem Ipsum Lorem IpsumLorem Ipsum Lorem Ipsum<\/p>\n<p>&nbsp;<\/p>\n<p>Lorem Ipsum Lorem IpsumLorem Ipsum Lorem Ipsum[\/vc_icon][\/vc_column_inner][vc_column_inner column_width_percent=&#8220;100&#8243; gutter_size=&#8220;3&#8243; font_family=&#8220;font-175345&#8243; overlay_alpha=&#8220;50&#8243; shift_x=&#8220;0&#8243; shift_y=&#8220;0&#8243; shift_y_down=&#8220;0&#8243; z_index=&#8220;0&#8243; medium_width=&#8220;3&#8243; mobile_width=&#8220;0&#8243; css_animation=&#8220;right-t-left&#8220; animation_delay=&#8220;400&#8243; width=&#8220;1\/3&#8243;][vc_icon icon=&#8220;fa fa-piechart&#8220; icon_color=&#8220;accent&#8220; size=&#8220;fa-3x&#8220; text_weight=&#8220;300&#8243; title=&#8220;Punkt 3&#8243;]Lorem Ipsum Lorem IpsumLorem Ipsum Lorem IpsumLorem Ipsum Lorem IpsumLorem Ipsum Lorem Ipsum<\/p>\n<p>[\/vc_icon][\/vc_column_inner][\/vc_row_inner][\/vc_column][\/vc_row][vc_row unlock_row_content=&#8220;yes&#8220; row_height_percent=&#8220;0&#8243; override_padding=&#8220;yes&#8220; h_padding=&#8220;0&#8243; top_padding=&#8220;4&#8243; bottom_padding=&#8220;0&#8243; back_color=&#8220;color-lxmt&#8220; overlay_alpha=&#8220;50&#8243; equal_height=&#8220;yes&#8220; gutter_size=&#8220;0&#8243; column_width_percent=&#8220;100&#8243; shift_y=&#8220;0&#8243; z_index=&#8220;0&#8243; enable_top_divider=&#8220;default&#8220; top_divider_inv=&#8220;step_2_3&#8243; shape_top_invert=&#8220;yes&#8220; shape_top_h_use_pixel=&#8220;true&#8220; shape_top_height_percent=&#8220;100&#8243; shape_top_color=&#8220;color-482803&#8243; shape_top_opacity=&#8220;100&#8243; shape_top_index=&#8220;0&#8243; shape_top_responsive=&#8220;yes&#8220; shape_top_tablet_hide=&#8220;yes&#8220; shape_top_mobile_hide=&#8220;yes&#8220;][vc_column column_width_use_pixel=&#8220;yes&#8220; position_horizontal=&#8220;right&#8220; gutter_size=&#8220;3&#8243; override_padding=&#8220;yes&#8220; column_padding=&#8220;3&#8243; font_family=&#8220;font-175345&#8243; overlay_alpha=&#8220;50&#8243; shift_x=&#8220;0&#8243; shift_y=&#8220;0&#8243; shift_y_down=&#8220;0&#8243; z_index=&#8220;0&#8243; medium_width=&#8220;0&#8243; mobile_width=&#8220;0&#8243; css_animation=&#8220;bottom-t-top&#8220; animation_delay=&#8220;200&#8243; width=&#8220;7\/12&#8243; column_width_pixel=&#8220;652&#8243;][vc_custom_heading heading_semantic=&#8220;h3&#8243; text_weight=&#8220;300&#8243; css_animation=&#8220;curtain&#8220; animation_delay=&#8220;200&#8243;]<\/p>\n<div class=\"csc-header csc-header-n1\">\n<h1 class=\"csc-firstHeader\">\u00dcber uns<\/h1>\n<\/div>\n<p class=\"bodytext\">Vor mehr als f\u00fcnfzig Jahren am 1. April 1964 gr\u00fcndete der Schlossermeister Wilhelm Zimmermann die Schlosserei Zimmermann. 1970 bezog er seine Werkstatt in der Engelbertstr. 32 in Gelsenkirchen-Resse. 1976 erfolgte die Umwandlung des Einzelunternehmens in die Rechtsform einer GmbH &amp; Co KG. 1996 setzte er sich nach 31 Jahren Selbstst\u00e4ndigkeit zur Ruhe und \u00fcbergab die Firma seinem Schwiegersohn, Schlossermeister <a class=\"internal-link\" title=\"Ulrich Hake\" href=\"https:\/\/www.metallbau-zimmermann-ge.de\/profil\/geschaeftsfuehrung.html#c139\" target=\"_top\" rel=\"noopener\">Ulrich Hake<\/a>.<\/p>\n<p class=\"bodytext\">Zum Kundenkreis der sich vorwiegend auf das Ruhrgebiet erstreckt, geh\u00f6ren neben \u00f6ffentlichen Auftraggebern, zahlreiche Architekturb\u00fcros und Wohnungsverwaltungen sowie eine gro\u00dfe Privatkundschaft. Viele dieser Kunden schenken uns bereits seit Jahrzehnten Ihr Vertrauen und sch\u00e4tzen unsere Arbeit.<\/p>\n<p class=\"bodytext\">Zur Zeit besch\u00e4ftigt das Unternehmen 12 Mitarbeiter von denen die meisten seit vielen Jahren zu unserem Team geh\u00f6ren.<\/p>\n<p>[\/vc_custom_heading][vc_button button_color=&#8220;accent&#8220; size=&#8220;btn-lg&#8220; text_skin=&#8220;yes&#8220; custom_typo=&#8220;yes&#8220; font_family=&#8220;font-555555&#8243; font_weight=&#8220;400&#8243; border_width=&#8220;0&#8243; link=&#8220;url:%23|||&#8220;]Mehr erfahren&#8230;[\/vc_button][\/vc_column][vc_column column_width_percent=&#8220;100&#8243; gutter_size=&#8220;3&#8243; overlay_alpha=&#8220;50&#8243; shift_x=&#8220;0&#8243; shift_y=&#8220;0&#8243; shift_y_down=&#8220;0&#8243; z_index=&#8220;0&#8243; medium_width=&#8220;0&#8243; mobile_width=&#8220;0&#8243; width=&#8220;5\/12&#8243;][vc_single_image media=&#8220;12168&#8243; media_width_percent=&#8220;100&#8243; media_ratio=&#8220;three-two&#8220; shadow=&#8220;yes&#8220;][\/vc_column][\/vc_row][vc_row unlock_row_content=&#8220;yes&#8220; row_height_percent=&#8220;0&#8243; override_padding=&#8220;yes&#8220; h_padding=&#8220;0&#8243; top_padding=&#8220;4&#8243; bottom_padding=&#8220;0&#8243; back_color=&#8220;color-xsdn&#8220; overlay_alpha=&#8220;50&#8243; equal_height=&#8220;yes&#8220; gutter_size=&#8220;0&#8243; column_width_percent=&#8220;100&#8243; shift_y=&#8220;0&#8243; z_index=&#8220;0&#8243; enable_top_divider=&#8220;default&#8220; top_divider_inv=&#8220;step_3_4&#8243; shape_top_invert=&#8220;yes&#8220; shape_top_flip=&#8220;yes&#8220; shape_top_h_use_pixel=&#8220;true&#8220; shape_top_height_percent=&#8220;100&#8243; shape_top_color=&#8220;color-482803&#8243; shape_top_opacity=&#8220;100&#8243; shape_top_index=&#8220;0&#8243; shape_top_responsive=&#8220;yes&#8220; shape_top_tablet_hide=&#8220;yes&#8220; shape_top_mobile_hide=&#8220;yes&#8220; inverted_device_order=&#8220;yes&#8220;][vc_column column_width_percent=&#8220;100&#8243; gutter_size=&#8220;3&#8243; overlay_alpha=&#8220;50&#8243; shift_x=&#8220;0&#8243; shift_y=&#8220;0&#8243; shift_y_down=&#8220;0&#8243; z_index=&#8220;0&#8243; medium_width=&#8220;0&#8243; mobile_width=&#8220;0&#8243; width=&#8220;5\/12&#8243;][vc_single_image media=&#8220;19710&#8243; media_width_percent=&#8220;100&#8243; media_ratio=&#8220;three-two&#8220; shadow=&#8220;yes&#8220;][\/vc_column][vc_column column_width_use_pixel=&#8220;yes&#8220; position_horizontal=&#8220;left&#8220; gutter_size=&#8220;3&#8243; override_padding=&#8220;yes&#8220; column_padding=&#8220;3&#8243; font_family=&#8220;font-175345&#8243; overlay_alpha=&#8220;50&#8243; shift_x=&#8220;0&#8243; shift_y=&#8220;0&#8243; shift_y_down=&#8220;0&#8243; z_index=&#8220;0&#8243; medium_width=&#8220;0&#8243; mobile_width=&#8220;0&#8243; css_animation=&#8220;bottom-t-top&#8220; animation_delay=&#8220;200&#8243; width=&#8220;7\/12&#8243; column_width_pixel=&#8220;652&#8243;][vc_custom_heading heading_semantic=&#8220;h3&#8243; text_weight=&#8220;300&#8243; css_animation=&#8220;curtain&#8220; animation_delay=&#8220;200&#8243;]<\/p>\n<div class=\"csc-header csc-header-n1\">\n<h1 class=\"csc-firstHeader\">Wir beraten Sie gerne<\/h1>\n<\/div>\n<p class=\"bodytext\">\u2013 in allen Fragen zur Ausf\u00fchrung von Arbeiten aus unserem vielseitigen Leistungsspektrum. Ob es um allgemeine Schlosser- und Metallbauarbeiten, Sonderkonstruktionen, \u00dcberdachungen, Bauelemente oder Reparaturarbeiten geht. Mit unserer breitgef\u00e4cherten Erfahrung l\u00e4sst sich bestimmt eine zufriedenstellende L\u00f6sung f\u00fcr Ihr Anliegen finden.<\/p>\n<p class=\"bodytext\">Ihr Interesse ist f\u00fcr uns eine Herausforderung! Nehmen Sie Kontakt mit uns auf.<\/p>\n<p>[\/vc_custom_heading][vc_button button_color=&#8220;accent&#8220; size=&#8220;btn-lg&#8220; text_skin=&#8220;yes&#8220; custom_typo=&#8220;yes&#8220; font_family=&#8220;font-555555&#8243; font_weight=&#8220;400&#8243; border_width=&#8220;0&#8243; link=&#8220;url:%23|||&#8220;]Mehr erfahren&#8230;[\/vc_button][\/vc_column][\/vc_row][vc_row row_height_percent=&#8220;0&#8243; override_padding=&#8220;yes&#8220; h_padding=&#8220;2&#8243; top_padding=&#8220;7&#8243; bottom_padding=&#8220;7&#8243; back_color=&#8220;color-nhtu&#8220; back_image=&#8220;15075&#8243; parallax=&#8220;yes&#8220; overlay_color=&#8220;color-nhtu&#8220; overlay_alpha=&#8220;25&#8243; gutter_size=&#8220;3&#8243; column_width_percent=&#8220;100&#8243; shift_y=&#8220;0&#8243; z_index=&#8220;0&#8243; enable_bottom_divider=&#8220;default&#8220; bottom_divider=&#8220;step_2_3&#8243; shape_bottom_h_use_pixel=&#8220;&#8220; shape_bottom_height=&#8220;108&#8243; shape_bottom_opacity=&#8220;100&#8243; shape_bottom_safe=&#8220;yes&#8220; shape_bottom_index=&#8220;0&#8243;][vc_column column_width_percent=&#8220;100&#8243; position_vertical=&#8220;middle&#8220; gutter_size=&#8220;3&#8243; override_padding=&#8220;yes&#8220; column_padding=&#8220;0&#8243; style=&#8220;dark&#8220; overlay_alpha=&#8220;50&#8243; shift_x=&#8220;0&#8243; shift_y=&#8220;0&#8243; shift_y_down=&#8220;0&#8243; z_index=&#8220;0&#8243; medium_width=&#8220;0&#8243; mobile_width=&#8220;0&#8243; radius=&#8220;sm&#8220; width=&#8220;1\/1&#8243;][vc_row_inner row_inner_height_percent=&#8220;0&#8243; overlay_alpha=&#8220;50&#8243; gutter_size=&#8220;4&#8243; shift_y=&#8220;0&#8243; z_index=&#8220;0&#8243; limit_content=&#8220;&#8220;][vc_column_inner column_width_percent=&#8220;100&#8243; gutter_size=&#8220;3&#8243; style=&#8220;dark&#8220; overlay_alpha=&#8220;50&#8243; shift_x=&#8220;0&#8243; shift_y=&#8220;0&#8243; shift_y_down=&#8220;0&#8243; z_index=&#8220;0&#8243; medium_width=&#8220;5&#8243; mobile_width=&#8220;0&#8243; width=&#8220;2\/3&#8243;][vc_custom_heading heading_semantic=&#8220;h5&#8243; text_size=&#8220;h1&#8243; text_weight=&#8220;300&#8243; css_animation=&#8220;curtain&#8220; animation_delay=&#8220;200&#8243;]<\/p>\n<div id=\"c184\" class=\"csc-default\">\n<div class=\"csc-header csc-header-n1\">\n<h1 class=\"csc-firstHeader\">Unsere Ausf\u00fchrung\u2026<\/h1>\n<\/div>\n<p class=\"bodytext\">\u2013 orientiert sich an dem hohen Qualit\u00e4tsanspruch unserer Kundschaft. Mit unseren qualifizierten, langj\u00e4hrig besch\u00e4ftigten Mitarbeitern, unserer Betriebsausstattung und nicht zuletzt den qualifizierten Lieferanten und Partnern f\u00fcr Verzinkung und Pulverbeschichtung werden wir Ihren Anspr\u00fcchen gerecht.<\/p>\n<\/div>\n<p>[\/vc_custom_heading][\/vc_column_inner][vc_column_inner column_width_percent=&#8220;100&#8243; gutter_size=&#8220;3&#8243; overlay_alpha=&#8220;50&#8243; shift_x=&#8220;0&#8243; shift_y=&#8220;0&#8243; shift_y_down=&#8220;0&#8243; z_index=&#8220;0&#8243; medium_width=&#8220;0&#8243; mobile_visibility=&#8220;yes&#8220; mobile_width=&#8220;0&#8243; width=&#8220;1\/3&#8243;][\/vc_column_inner][\/vc_row_inner][\/vc_column][\/vc_row][vc_row row_height_percent=&#8220;0&#8243; override_padding=&#8220;yes&#8220; h_padding=&#8220;2&#8243; top_padding=&#8220;5&#8243; bottom_padding=&#8220;0&#8243; back_color=&#8220;accent&#8220; overlay_alpha=&#8220;50&#8243; gutter_size=&#8220;3&#8243; column_width_percent=&#8220;100&#8243; shift_y=&#8220;0&#8243; z_index=&#8220;2&#8243; enable_bottom_divider=&#8220;default&#8220; bottom_divider=&#8220;step&#8220; shape_bottom_h_use_pixel=&#8220;true&#8220; shape_bottom_height_percent=&#8220;50&#8243; shape_bottom_color=&#8220;color-rgdb&#8220; shape_bottom_opacity=&#8220;100&#8243; shape_bottom_index=&#8220;0&#8243;][vc_column column_width_percent=&#8220;100&#8243; gutter_size=&#8220;3&#8243; override_padding=&#8220;yes&#8220; column_padding=&#8220;3&#8243; back_color=&#8220;color-nhtu&#8220; back_image=&#8220;15075&#8243; overlay_alpha=&#8220;50&#8243; shift_x=&#8220;0&#8243; shift_y=&#8220;0&#8243; shift_y_down=&#8220;0&#8243; z_index=&#8220;0&#8243; medium_width=&#8220;0&#8243; mobile_width=&#8220;0&#8243; radius=&#8220;xs&#8220; shadow=&#8220;xl&#8220; shadow_darker=&#8220;yes&#8220; width=&#8220;1\/1&#8243;][vc_row_inner limit_content=&#8220;&#8220;][vc_column_inner column_width_percent=&#8220;100&#8243; gutter_size=&#8220;3&#8243; style=&#8220;dark&#8220; overlay_alpha=&#8220;50&#8243; shift_x=&#8220;0&#8243; shift_y=&#8220;0&#8243; shift_y_down=&#8220;0&#8243; z_index=&#8220;0&#8243; medium_width=&#8220;5&#8243; mobile_width=&#8220;0&#8243; width=&#8220;7\/12&#8243;][vc_empty_space empty_h=&#8220;3&#8243; mobile_visibility=&#8220;yes&#8220;][vc_custom_heading heading_semantic=&#8220;h4&#8243; text_size=&#8220;h1&#8243; text_weight=&#8220;300&#8243; css_animation=&#8220;curtain&#8220; animation_delay=&#8220;200&#8243;]Lorem Ipsum Lorem Ipsum[\/vc_custom_heading][vc_button size=&#8220;btn-lg&#8220; custom_typo=&#8220;yes&#8220; font_family=&#8220;font-555555&#8243; font_weight=&#8220;400&#8243; border_width=&#8220;0&#8243; css_animation=&#8220;bottom-t-top&#8220; link=&#8220;url:https%3A%2F%2F1.envato.market%2FQ3bJP||target:%20_blank|&#8220;]Kontaktieren Sie uns![\/vc_button][vc_empty_space empty_h=&#8220;3&#8243; mobile_visibility=&#8220;yes&#8220;][\/vc_column_inner][vc_column_inner column_width_percent=&#8220;100&#8243; gutter_size=&#8220;3&#8243; overlay_alpha=&#8220;50&#8243; shift_x=&#8220;0&#8243; shift_y=&#8220;0&#8243; shift_y_down=&#8220;0&#8243; z_index=&#8220;0&#8243; medium_width=&#8220;0&#8243; mobile_visibility=&#8220;yes&#8220; mobile_width=&#8220;0&#8243; width=&#8220;5\/12&#8243;][\/vc_column_inner][\/vc_row_inner][\/vc_column][\/vc_row]<\/p>\n","protected":false},"excerpt":{"rendered":"<p>[vc_row row_height_percent=&#8220;100&#8243; override_padding=&#8220;yes&#8220; h_padding=&#8220;2&#8243; top_padding=&#8220;7&#8243; bottom_padding=&#8220;7&#8243; back_color=&#8220;color-nhtu&#8220; back_image=&#8220;83833&#8243; back_position=&#8220;center bottom&#8220; parallax=&#8220;yes&#8220; overlay_color=&#8220;color-nhtu&#8220; overlay_alpha=&#8220;25&#8243; gutter_size=&#8220;4&#8243; column_width_percent=&#8220;100&#8243; shift_y=&#8220;0&#8243; z_index=&#8220;0&#8243; enable_bottom_divider=&#8220;default&#8220; bottom_divider=&#8220;gradient&#8220; shape_bottom_h_use_pixel=&#8220;true&#8220; [&hellip;]<\/p>\n","protected":false},"author":1,"featured_media":81629,"parent":0,"menu_order":0,"comment_status":"closed","ping_status":"closed","template":"","meta":[],"_links":{"self":[{"href":"https:\/\/metallbau-zimmermann.brecklinghaus.com\/index.php?rest_route=\/wp\/v2\/pages\/79786"}],"collection":[{"href":"https:\/\/metallbau-zimmermann.brecklinghaus.com\/index.php?rest_route=\/wp\/v2\/pages"}],"about":[{"href":"https:\/\/metallbau-zimmermann.brecklinghaus.com\/index.php?rest_route=\/wp\/v2\/types\/page"}],"author":[{"embeddable":true,"href":"https:\/\/metallbau-zimmermann.brecklinghaus.com\/index.php?rest_route=\/wp\/v2\/users\/1"}],"replies":[{"embeddable":true,"href":"https:\/\/metallbau-zimmermann.brecklinghaus.com\/index.php?rest_route=%2Fwp%2Fv2%2Fcomments&post=79786"}],"version-history":[{"count":8,"href":"https:\/\/metallbau-zimmermann.brecklinghaus.com\/index.php?rest_route=\/wp\/v2\/pages\/79786\/revisions"}],"predecessor-version":[{"id":83841,"href":"https:\/\/metallbau-zimmermann.brecklinghaus.com\/index.php?rest_route=\/wp\/v2\/pages\/79786\/revisions\/83841"}],"wp:featuredmedia":[{"embeddable":true,"href":"https:\/\/metallbau-zimmermann.brecklinghaus.com\/index.php?rest_route=\/wp\/v2\/media\/81629"}],"wp:attachment":[{"href":"https:\/\/metallbau-zimmermann.brecklinghaus.com\/index.php?rest_route=%2Fwp%2Fv2%2Fmedia&parent=79786"}],"curies":[{"name":"wp","href":"https:\/\/api.w.org\/{rel}","templated":true}]}}